{"id":1641,"date":"2025-10-05T00:39:29","date_gmt":"2025-10-05T00:39:29","guid":{"rendered":"https:\/\/kreativerhof.com\/?page_id=1641"},"modified":"2025-10-05T00:42:14","modified_gmt":"2025-10-05T00:42:14","slug":"rainer-rummelr","status":"publish","type":"page","link":"https:\/\/kreativerhof.com\/en\/rainer-rummelr\/","title":{"rendered":"RAINER R\u00dcMMELR"},"content":{"rendered":"<div data-elementor-type=\"wp-page\" data-elementor-id=\"1641\" class=\"elementor elementor-1641\">\n\t\t\t\t<div class=\"elementor-element elementor-element-f68834b e-flex e-con-boxed e-con e-parent\" data-id=\"f68834b\" data-element_type=\"container\" data-e-type=\"container\">\n\t\t\t\t\t<div class=\"e-con-inner\">\n\t\t\t\t<div class=\"elementor-element elementor-element-af880ad elementor-widget elementor-widget-heading\" data-id=\"af880ad\" data-element_type=\"widget\" data-e-type=\"widget\" data-widget_type=\"heading.default\">\n\t\t\t\t<div class=\"elementor-widget-container\">\n\t\t\t\t\t<h2 class=\"elementor-heading-title elementor-size-default\">Der Blickwinkel, aus dem sich das gesamte Projekt drehen wird, ist der von denen, die glauben, dass \u00f6ffentlicher Raum auch Traum, Spiel und Freiheit sein kann.<\/h2>\t\t\t\t<\/div>\n\t\t\t\t<\/div>\n\t\t\t\t<div class=\"elementor-element elementor-element-492d16c elementor-widget elementor-widget-image\" data-id=\"492d16c\" data-element_type=\"widget\" data-e-type=\"widget\" data-widget_type=\"image.default\">\n\t\t\t\t<div class=\"elementor-widget-container\">\n\t\t\t\t\t\t\t\t\t\t\t\t\t\t\t<img fetchpriority=\"high\" decoding=\"async\" width=\"1024\" height=\"576\" src=\"https:\/\/www.kreativerhof.com\/wp-content\/uploads\/2025\/10\/Unter-Berlin-1-Unter-Berlin-1024x576.jpeg\" class=\"attachment-large size-large wp-image-1884\" alt=\"\" srcset=\"https:\/\/www.kreativerhof.com\/wp-content\/uploads\/2025\/10\/Unter-Berlin-1-Unter-Berlin-1024x576.jpeg 1024w, https:\/\/www.kreativerhof.com\/wp-content\/uploads\/2025\/10\/Unter-Berlin-1-Unter-Berlin-300x169.jpeg 300w, https:\/\/www.kreativerhof.com\/wp-content\/uploads\/2025\/10\/Unter-Berlin-1-Unter-Berlin-768x432.jpeg 768w, https:\/\/www.kreativerhof.com\/wp-content\/uploads\/2025\/10\/Unter-Berlin-1-Unter-Berlin-1536x864.jpeg 1536w, https:\/\/www.kreativerhof.com\/wp-content\/uploads\/2025\/10\/Unter-Berlin-1-Unter-Berlin-18x10.jpeg 18w, https:\/\/www.kreativerhof.com\/wp-content\/uploads\/2025\/10\/Unter-Berlin-1-Unter-Berlin.jpeg 1920w\" sizes=\"(max-width: 1024px) 100vw, 1024px\" \/>\t\t\t\t\t\t\t\t\t\t\t\t\t\t\t<\/div>\n\t\t\t\t<\/div>\n\t\t\t\t<div class=\"elementor-element elementor-element-58aa12c elementor-widget elementor-widget-heading\" data-id=\"58aa12c\" data-element_type=\"widget\" data-e-type=\"widget\" data-widget_type=\"heading.default\">\n\t\t\t\t<div class=\"elementor-widget-container\">\n\t\t\t\t\t<h2 class=\"elementor-heading-title elementor-size-default\">NEUES PROJEKT IN ENTWICKLUNG\n\nEin dokumentarisches Projekt \u00fcber Berlin\nIn Entwicklung   \nPremiere 2029\n\nWir bei Kreativerhof arbeiten an einem neuen dokumentarischen Langfilmprojekt, das tief in die kreative Seele unserer Stadt eintaucht.\nDer Film wird eine au\u00dfergew\u00f6hnliche Pers\u00f6nlichkeit w\u00fcrdigen, deren vision\u00e4re Arbeit das Leben von Millionen Berliner*innen gepr\u00e4gt hat \u2013 t\u00e4glich, oft unbemerkt, aber unvergesslich.\n\nDurch eine innovative Mischung aus Dokumentation, Performance und k\u00fcnstlerischer Intervention wird das Projekt erkunden, wie kreative Visionen den \u00f6ffentlichen Raum transformieren und zu Orten der Begegnung, Identit\u00e4t und Freiheit machen k\u00f6nnen.\n\nWas wir verraten k\u00f6nnen:\nEs geht um Berlin, seine Geschichte und seine kreative DNA                                                         Es geht um eine vision\u00e4re Pers\u00f6nlichkeit, die unsere Stadt bunter, lebendiger und menschlicher gemacht hat\nEs geht um \u00f6ffentlichen Raum als Ort des Traums, der Freiheit und des Spiels\nDie Premiere wird 2029 sein \u2013 ein besonderes Jahr f\u00fcr dieses Projekt\n\nMehr Informationen folgen in K\u00fcrze.\nStatus: In Entwicklung \/ Pre-Produktion\nFormat: Dokumentarfilm - Feature Length\n\nPremiere: 2029\n\nKontakt\nF\u00fcr Anfragen und weitere Informationen:\ninfo@kreativerhof.com<\/h2>\t\t\t\t<\/div>\n\t\t\t\t<\/div>\n\t\t\t\t\t<\/div>\n\t\t\t\t<\/div>\n\t\t\t\t<\/div>","protected":false},"excerpt":{"rendered":"<p>Der Blickwinkel, aus dem sich das gesamte Projekt drehen wird, ist der von denen, die glauben, dass \u00f6ffentlicher Raum auch Traum, Spiel und Freiheit sein kann. NEUES PROJEKT IN ENTWICKLUNG Ein dokumentarisches Projekt \u00fcber Berlin In Entwicklung Premiere 2029 Wir bei Kreativerhof arbeiten an einem neuen dokumentarischen Langfilmprojekt, das tief in die kreative Seele unserer&#8230;<\/p>","protected":false},"author":2,"featured_media":1884,"parent":0,"menu_order":0,"comment_status":"closed","ping_status":"closed","template":"","meta":{"footnotes":""},"class_list":["post-1641","page","type-page","status-publish","has-post-thumbnail","hentry"],"_links":{"self":[{"href":"https:\/\/kreativerhof.com\/en\/wp-json\/wp\/v2\/pages\/1641","targetHints":{"allow":["GET"]}}],"collection":[{"href":"https:\/\/kreativerhof.com\/en\/wp-json\/wp\/v2\/pages"}],"about":[{"href":"https:\/\/kreativerhof.com\/en\/wp-json\/wp\/v2\/types\/page"}],"author":[{"embeddable":true,"href":"https:\/\/kreativerhof.com\/en\/wp-json\/wp\/v2\/users\/2"}],"replies":[{"embeddable":true,"href":"https:\/\/kreativerhof.com\/en\/wp-json\/wp\/v2\/comments?post=1641"}],"version-history":[{"count":0,"href":"https:\/\/kreativerhof.com\/en\/wp-json\/wp\/v2\/pages\/1641\/revisions"}],"wp:featuredmedia":[{"embeddable":true,"href":"https:\/\/kreativerhof.com\/en\/wp-json\/wp\/v2\/media\/1884"}],"wp:attachment":[{"href":"https:\/\/kreativerhof.com\/en\/wp-json\/wp\/v2\/media?parent=1641"}],"curies":[{"name":"wp","href":"https:\/\/api.w.org\/{rel}","templated":true}]}}