{"id":1930,"date":"2026-03-23T16:20:15","date_gmt":"2026-03-23T16:20:15","guid":{"rendered":"https:\/\/kreativerhof.com\/?page_id=1930"},"modified":"2026-04-12T19:30:08","modified_gmt":"2026-04-12T19:30:08","slug":"born-to-live-in-berlin","status":"publish","type":"page","link":"https:\/\/kreativerhof.com\/en\/born-to-live-in-berlin\/","title":{"rendered":"Born to live in Berlin"},"content":{"rendered":"<div data-elementor-type=\"wp-page\" data-elementor-id=\"1930\" class=\"elementor elementor-1930\">\n\t\t\t\t<div class=\"elementor-element elementor-element-6e7060a e-flex e-con-boxed e-con e-parent\" data-id=\"6e7060a\" data-element_type=\"container\" data-e-type=\"container\">\n\t\t\t\t\t<div class=\"e-con-inner\">\n\t\t\t\t<div class=\"elementor-element elementor-element-a8573c2 elementor-widget elementor-widget-heading\" data-id=\"a8573c2\" data-element_type=\"widget\" data-e-type=\"widget\" data-widget_type=\"heading.default\">\n\t\t\t\t<div class=\"elementor-widget-container\">\n\t\t\t\t\t<h1 class=\"elementor-heading-title elementor-size-default\">BORN TO LIVE IN BERLIN<\/h1>\t\t\t\t<\/div>\n\t\t\t\t<\/div>\n\t\t\t\t<div class=\"elementor-element elementor-element-674c75e elementor-widget elementor-widget-text-editor\" data-id=\"674c75e\" data-element_type=\"widget\" data-e-type=\"widget\" data-widget_type=\"text-editor.default\">\n\t\t\t\t<div class=\"elementor-widget-container\">\n\t\t\t\t\t\t\t\t\t<p><span style=\"font-size: 18pt;\">An independent documentary about the housing crisis in Berlin<\/span><\/p>\t\t\t\t\t\t\t\t<\/div>\n\t\t\t\t<\/div>\n\t\t\t\t\t<\/div>\n\t\t\t\t<\/div>\n\t\t<div class=\"elementor-element elementor-element-5b614c8 e-flex e-con-boxed e-con e-parent\" data-id=\"5b614c8\" data-element_type=\"container\" data-e-type=\"container\">\n\t\t\t\t\t<div class=\"e-con-inner\">\n\t\t\t\t<div class=\"elementor-element elementor-element-85d6eec elementor-widget elementor-widget-heading\" data-id=\"85d6eec\" data-element_type=\"widget\" data-e-type=\"widget\" data-widget_type=\"heading.default\">\n\t\t\t\t<div class=\"elementor-widget-container\">\n\t\t\t\t\t<h2 class=\"elementor-heading-title elementor-size-default\">BERLIN IS NO LONGER THE CITY IT ONCE WAS. HOMES EMPTIED, RENTS TRIPLED, FAMILIES FORCED TO LEAVE. BORN TO LIVE IN BERLIN TELLS THE STORY OF THE HOUSING CRISIS THROUGH THE VOICES OF THOSE WHO LIVE IT EVERY DAY: TENANTS, ACTIVISTS, NEIGHBOURHOOD COMMUNITIES RESISTING REAL ESTATE SPECULATION AND GENTRIFICATION.<\/h2>\t\t\t\t<\/div>\n\t\t\t\t<\/div>\n\t\t\t\t\t<\/div>\n\t\t\t\t<\/div>\n\t\t<div class=\"elementor-element elementor-element-5745979 e-flex e-con-boxed e-con e-parent\" data-id=\"5745979\" data-element_type=\"container\" data-e-type=\"container\">\n\t\t\t\t\t<div class=\"e-con-inner\">\n\t\t\t\t<div class=\"elementor-element elementor-element-7d75971 elementor-widget-divider--view-line elementor-widget elementor-widget-divider\" data-id=\"7d75971\" data-element_type=\"widget\" data-e-type=\"widget\" data-widget_type=\"divider.default\">\n\t\t\t\t<div class=\"elementor-widget-container\">\n\t\t\t\t\t\t\t<div class=\"elementor-divider\">\n\t\t\t<span class=\"elementor-divider-separator\">\n\t\t\t\t\t\t<\/span>\n\t\t<\/div>\n\t\t\t\t\t\t<\/div>\n\t\t\t\t<\/div>\n\t\t\t\t\t<\/div>\n\t\t\t\t<\/div>\n\t\t<div class=\"elementor-element elementor-element-6ba7668 e-flex e-con-boxed e-con e-parent\" data-id=\"6ba7668\" data-element_type=\"container\" data-e-type=\"container\" data-settings=\"{&quot;background_background&quot;:&quot;classic&quot;}\">\n\t\t\t\t\t<div class=\"e-con-inner\">\n\t\t\t\t<div class=\"elementor-element elementor-element-4e93739 elementor-widget elementor-widget-heading\" data-id=\"4e93739\" data-element_type=\"widget\" data-e-type=\"widget\" data-widget_type=\"heading.default\">\n\t\t\t\t<div class=\"elementor-widget-container\">\n\t\t\t\t\t<h2 class=\"elementor-heading-title elementor-size-default\">SUPPORT THE FILM \u2014 CROWDFUNDING NOW LIVE ON STARTNEXT<\/h2>\t\t\t\t<\/div>\n\t\t\t\t<\/div>\n\t\t\t\t<div class=\"elementor-element elementor-element-1f06a96 elementor-widget elementor-widget-text-editor\" data-id=\"1f06a96\" data-element_type=\"widget\" data-e-type=\"widget\" data-widget_type=\"text-editor.default\">\n\t\t\t\t<div class=\"elementor-widget-container\">\n\t\t\t\t\t\t\t\t\t<p style=\"text-align: center;\"><span style=\"font-family: Georgia, Palatino; font-size: 14pt;\">The film is in production thanks to community support. You can contribute until 31 July 2026.<\/span><\/p>\t\t\t\t\t\t\t\t<\/div>\n\t\t\t\t<\/div>\n\t\t\t\t<div class=\"elementor-element elementor-element-c205c3b elementor-align-center elementor-widget elementor-widget-button\" data-id=\"c205c3b\" data-element_type=\"widget\" data-e-type=\"widget\" data-widget_type=\"button.default\">\n\t\t\t\t<div class=\"elementor-widget-container\">\n\t\t\t\t\t\t\t\t\t<div class=\"elementor-button-wrapper\">\n\t\t\t\t\t<a class=\"elementor-button elementor-button-link elementor-size-sm\" href=\"https:\/\/www.startnext.com\/born-to-die-in-berlin\" target=\"_blank\">\n\t\t\t\t\t\t<span class=\"elementor-button-content-wrapper\">\n\t\t\t\t\t\t\t\t\t<span class=\"elementor-button-text\">SUPPORT THE PROJECT ON STARTNEXT<\/span>\n\t\t\t\t\t<\/span>\n\t\t\t\t\t<\/a>\n\t\t\t\t<\/div>\n\t\t\t\t\t\t\t\t<\/div>\n\t\t\t\t<\/div>\n\t\t\t\t<div class=\"elementor-element elementor-element-27a2786 elementor-widget elementor-widget-video\" data-id=\"27a2786\" data-element_type=\"widget\" data-e-type=\"widget\" data-settings=\"{&quot;youtube_url&quot;:&quot;https:\\\/\\\/www.youtube.com\\\/watch?v=ribDrFq45zA&quot;,&quot;yt_privacy&quot;:&quot;yes&quot;,&quot;video_type&quot;:&quot;youtube&quot;,&quot;controls&quot;:&quot;yes&quot;}\" data-widget_type=\"video.default\">\n\t\t\t\t<div class=\"elementor-widget-container\">\n\t\t\t\t\t\t\t<div class=\"elementor-wrapper elementor-open-inline\">\n\t\t\t<div class=\"elementor-video\"><\/div>\t\t<\/div>\n\t\t\t\t\t\t<\/div>\n\t\t\t\t<\/div>\n\t\t\t\t\t<\/div>\n\t\t\t\t<\/div>\n\t\t<div class=\"elementor-element elementor-element-b9d268e e-flex e-con-boxed e-con e-parent\" data-id=\"b9d268e\" data-element_type=\"container\" data-e-type=\"container\">\n\t\t\t\t\t<div class=\"e-con-inner\">\n\t\t\t\t<div class=\"elementor-element elementor-element-b3c5dca elementor-widget elementor-widget-heading\" data-id=\"b3c5dca\" data-element_type=\"widget\" data-e-type=\"widget\" data-widget_type=\"heading.default\">\n\t\t\t\t<div class=\"elementor-widget-container\">\n\t\t\t\t\t<h2 class=\"elementor-heading-title elementor-size-default\">BORN TO LIVE IN BERLIN<\/h2>\t\t\t\t<\/div>\n\t\t\t\t<\/div>\n\t\t\t\t<div class=\"elementor-element elementor-element-17f44f4 elementor-widget elementor-widget-text-editor\" data-id=\"17f44f4\" data-element_type=\"widget\" data-e-type=\"widget\" data-widget_type=\"text-editor.default\">\n\t\t\t\t<div class=\"elementor-widget-container\">\n\t\t\t\t\t\t\t\t\t<p style=\"text-align: center;\"><span style=\"font-size: 14pt;\">Berlin has always been a place where it was possible to live differently. An open, creative, accessible city. But something has broken. In recent years, the German capital has become one of Europe's most speculative real estate markets. Rents have exploded, entire neighbourhoods have been emptied of their long-time residents and replaced by investors and the newly wealthy. Those who cannot afford the new market \u2014 families, artists, workers, migrants \u2014 are forced to leave the city they built with their own lives. Born to Live in Berlin follows the protagonists of this struggle over time: tenants organising to avoid eviction, activists occupying streets and buildings, collective housing projects trying to imagine an alternative. The film is a long, close-up look at one of the great social issues of our time: the right to housing. The second independent documentary by Kreativerhof, following Born to Die in Berlin, this film broadens the perspective and goes to the heart of the problem: who has the right to live in this city?<\/span><br \/><span style=\"font-size: 14pt;\">Born to Live in Berlin segue nel tempo i protagonisti di questa lotta: inquilini che si organizzano per non essere sfrattati, attivisti che occupano le strade e i palazzi, progetti di abitare collettivo che provano a immaginare un&#8217;alternativa. Il film \u00e8 uno sguardo lungo e ravvicinato su una delle grandi questioni sociali del nostro tempo: il diritto alla casa.<\/span><br \/><span style=\"font-size: 14pt;\">Secondo documentario indipendente di Kreativerhof, dopo Born to Die in Berlin, questo film amplia lo sguardo e va al cuore del problema: chi ha il diritto di vivere in questa citt\u00e0?<\/span><\/p>\t\t\t\t\t\t\t\t<\/div>\n\t\t\t\t<\/div>\n\t\t\t\t\t<\/div>\n\t\t\t\t<\/div>\n\t\t<div class=\"elementor-element elementor-element-8b421c8 e-flex e-con-boxed e-con e-parent\" data-id=\"8b421c8\" data-element_type=\"container\" data-e-type=\"container\" data-settings=\"{&quot;background_background&quot;:&quot;classic&quot;}\">\n\t\t\t\t\t<div class=\"e-con-inner\">\n\t\t\t\t<div class=\"elementor-element elementor-element-8a63721 elementor-widget elementor-widget-text-editor\" data-id=\"8a63721\" data-element_type=\"widget\" data-e-type=\"widget\" data-widget_type=\"text-editor.default\">\n\t\t\t\t<div class=\"elementor-widget-container\">\n\t\t\t\t\t\t\t\t\t<p><em>Running time<\/em> ca. 90 minuti<br \/><em>Direction:<\/em> Maurizio Spagliardi<br \/><em>Screenplay<\/em> Francesco Longo &amp; Maurizio Spagliardi\u00a0 \u00a0 \u00a0 \u00a0 \u00a0 \u00a0 \u00a0 \u00a0 \u00a0 \u00a0 \u00a0 \u00a0 \u00a0 \u00a0 \u00a0 \u00a0 \u00a0 \u00a0 \u00a0 \u00a0 \u00a0 \u00a0 \u00a0 \u00a0 \u00a0 \u00a0 \u00a0 \u00a0 \u00a0 \u00a0<em>Assistant director<\/em> Melanie Pichler\u00a0 \u00a0 \u00a0 \u00a0 \u00a0 \u00a0 \u00a0 \u00a0 \u00a0 \u00a0 \u00a0 \u00a0 \u00a0 \u00a0 \u00a0 \u00a0 \u00a0 \u00a0 \u00a0 \u00a0 \u00a0 \u00a0 \u00a0 \u00a0 \u00a0 \u00a0 \u00a0 \u00a0 \u00a0 \u00a0 \u00a0 \u00a0 \u00a0 \u00a0 \u00a0 \u00a0 \u00a0 \u00a0 \u00a0 \u00a0 \u00a0 \u00a0 \u00a0 \u00a0 \u00a0 \u00a0 \u00a0 \u00a0 <em>Production<\/em> Kreativerhof GbR, Berlin<br \/><em>expected release:<\/em> September 2026<br \/><em>Distribution:<\/em> Film festivals, public screenings,  Streaming on OpenDDB<\/p>\t\t\t\t\t\t\t\t<\/div>\n\t\t\t\t<\/div>\n\t\t\t\t\t<\/div>\n\t\t\t\t<\/div>\n\t\t<div class=\"elementor-element elementor-element-a543dfc e-flex e-con-boxed e-con e-parent\" data-id=\"a543dfc\" data-element_type=\"container\" data-e-type=\"container\" data-settings=\"{&quot;background_background&quot;:&quot;classic&quot;}\">\n\t\t\t\t\t<div class=\"e-con-inner\">\n\t\t\t\t<div class=\"elementor-element elementor-element-19fe7a3 elementor-widget elementor-widget-heading\" data-id=\"19fe7a3\" data-element_type=\"widget\" data-e-type=\"widget\" data-widget_type=\"heading.default\">\n\t\t\t\t<div class=\"elementor-widget-container\">\n\t\t\t\t\t<h2 class=\"elementor-heading-title elementor-size-default\">DISCOVER THE FIRST CHAPTER<\/h2>\t\t\t\t<\/div>\n\t\t\t\t<\/div>\n\t\t\t\t<div class=\"elementor-element elementor-element-d003ea0 elementor-widget elementor-widget-text-editor\" data-id=\"d003ea0\" data-element_type=\"widget\" data-e-type=\"widget\" data-widget_type=\"text-editor.default\">\n\t\t\t\t<div class=\"elementor-widget-container\">\n\t\t\t\t\t\t\t\t\t<p style=\"text-align: center;\">Born to Die in Berlin tells how gentrification destroyed Berlin's legendary club culture. Now available for streaming on OpenDDB.<\/p>\t\t\t\t\t\t\t\t<\/div>\n\t\t\t\t<\/div>\n\t\t\t\t<div class=\"elementor-element elementor-element-4e6605a elementor-align-center elementor-widget elementor-widget-button\" data-id=\"4e6605a\" data-element_type=\"widget\" data-e-type=\"widget\" data-widget_type=\"button.default\">\n\t\t\t\t<div class=\"elementor-widget-container\">\n\t\t\t\t\t\t\t\t\t<div class=\"elementor-button-wrapper\">\n\t\t\t\t\t<a class=\"elementor-button elementor-button-link elementor-size-sm\" href=\"https:\/\/openddb.it\/born-to-die-in-berlin\" target=\"_blank\">\n\t\t\t\t\t\t<span class=\"elementor-button-content-wrapper\">\n\t\t\t\t\t\t\t\t\t<span class=\"elementor-button-text\">WATCH BORN TO DIE IN BERLIN ON OPENDDB<\/span>\n\t\t\t\t\t<\/span>\n\t\t\t\t\t<\/a>\n\t\t\t\t<\/div>\n\t\t\t\t\t\t\t\t<\/div>\n\t\t\t\t<\/div>\n\t\t\t\t\t<\/div>\n\t\t\t\t<\/div>\n\t\t<div class=\"elementor-element elementor-element-7b513b8 e-flex e-con-boxed e-con e-parent\" data-id=\"7b513b8\" data-element_type=\"container\" data-e-type=\"container\" data-settings=\"{&quot;background_background&quot;:&quot;classic&quot;}\">\n\t\t\t\t\t<div class=\"e-con-inner\">\n\t\t\t\t<div class=\"elementor-element elementor-element-e89136e elementor-widget elementor-widget-heading\" data-id=\"e89136e\" data-element_type=\"widget\" data-e-type=\"widget\" data-widget_type=\"heading.default\">\n\t\t\t\t<div class=\"elementor-widget-container\">\n\t\t\t\t\t<h2 class=\"elementor-heading-title elementor-size-default\">THE FILM NEEDS YOU.<\/h2>\t\t\t\t<\/div>\n\t\t\t\t<\/div>\n\t\t\t\t<div class=\"elementor-element elementor-element-3c19ee7 elementor-widget elementor-widget-text-editor\" data-id=\"3c19ee7\" data-element_type=\"widget\" data-e-type=\"widget\" data-widget_type=\"text-editor.default\">\n\t\t\t\t<div class=\"elementor-widget-container\">\n\t\t\t\t\t\t\t\t\t<p>Every contribution, big or small, allows us to keep filming, keep telling this story, and bring it to festivals and cinemas.<\/p>\t\t\t\t\t\t\t\t<\/div>\n\t\t\t\t<\/div>\n\t\t\t\t<div class=\"elementor-element elementor-element-45ba1fe elementor-align-center elementor-widget elementor-widget-button\" data-id=\"45ba1fe\" data-element_type=\"widget\" data-e-type=\"widget\" data-widget_type=\"button.default\">\n\t\t\t\t<div class=\"elementor-widget-container\">\n\t\t\t\t\t\t\t\t\t<div class=\"elementor-button-wrapper\">\n\t\t\t\t\t<a class=\"elementor-button elementor-button-link elementor-size-sm\" href=\"https:\/\/www.startnext.com\/born-to-live-in-berlin\" target=\"_blank\">\n\t\t\t\t\t\t<span class=\"elementor-button-content-wrapper\">\n\t\t\t\t\t\t\t\t\t<span class=\"elementor-button-text\">SUPPORT THE CROWDFUNDING ON STARTNEXT<\/span>\n\t\t\t\t\t<\/span>\n\t\t\t\t\t<\/a>\n\t\t\t\t<\/div>\n\t\t\t\t\t\t\t\t<\/div>\n\t\t\t\t<\/div>\n\t\t\t\t\t<\/div>\n\t\t\t\t<\/div>\n\t\t\t\t<\/div>","protected":false},"excerpt":{"rendered":"<p>BORN TO LIVE IN BERLIN Un documentario indipendente sulla crisi abitativa a Berlino Berlino non \u00e8 pi\u00f9 la citt\u00e0 che era. Case svuotate, affitti triplicati, famiglie costrette ad andarsene. Born to Live in Berlin racconta la crisi abitativa attraverso le voci di chi la vive ogni giorno: inquilini, attivisti, comunit\u00e0 di quartiere che resistono alla&#8230;<\/p>","protected":false},"author":2,"featured_media":0,"parent":0,"menu_order":0,"comment_status":"closed","ping_status":"closed","template":"","meta":{"footnotes":""},"class_list":["post-1930","page","type-page","status-publish","hentry"],"_links":{"self":[{"href":"https:\/\/kreativerhof.com\/en\/wp-json\/wp\/v2\/pages\/1930","targetHints":{"allow":["GET"]}}],"collection":[{"href":"https:\/\/kreativerhof.com\/en\/wp-json\/wp\/v2\/pages"}],"about":[{"href":"https:\/\/kreativerhof.com\/en\/wp-json\/wp\/v2\/types\/page"}],"author":[{"embeddable":true,"href":"https:\/\/kreativerhof.com\/en\/wp-json\/wp\/v2\/users\/2"}],"replies":[{"embeddable":true,"href":"https:\/\/kreativerhof.com\/en\/wp-json\/wp\/v2\/comments?post=1930"}],"version-history":[{"count":0,"href":"https:\/\/kreativerhof.com\/en\/wp-json\/wp\/v2\/pages\/1930\/revisions"}],"wp:attachment":[{"href":"https:\/\/kreativerhof.com\/en\/wp-json\/wp\/v2\/media?parent=1930"}],"curies":[{"name":"wp","href":"https:\/\/api.w.org\/{rel}","templated":true}]}}